{"id":2320,"date":"2016-02-07T22:22:39","date_gmt":"2016-02-07T21:22:39","guid":{"rendered":"https:\/\/www.bison.cz\/en\/?page_id=2320"},"modified":"2021-03-13T09:55:49","modified_gmt":"2021-03-13T08:55:49","slug":"volleyball-jerseys","status":"publish","type":"page","link":"https:\/\/www.bison.cz\/en\/sports\/volleyball\/size-tables\/volleyball-jerseys\/","title":{"rendered":"Volleyball jerseys"},"content":{"rendered":"<div class=\"menu-inline\">\n<h1>Velikostn\u00ed tabulky pro volejbalov\u00e9 dresy.<\/h1>\n<h3>Legenda<\/h3>\n<p>B &#8211; rozm\u011br p\u0159es prsa u D\u00c1MSK\u00ddCH ST\u0158IH\u016e<\/p>\n<h3>VELIKOSTN\u00cd TABULKA &#8211; DODATEK<\/h3>\n<p>Uveden\u00e9 rozm\u011bry uv\u00e1d\u011bj\u00ed \u0161\u00ed\u0159ku dresu, NE obvod.<\/p>\n<p>Doporu\u010den\u00fd zp\u016fsob zji\u0161t\u011bn\u00ed pot\u0159ebn\u00e9 velikosti: dres nebo tri\u010dko, kter\u00e9 V\u00e1m p\u0159esn\u011b sed\u00ed, polo\u017ete na st\u016fl a v napnut\u00e9m stavu zm\u011b\u0159te \u0161\u00ed\u0159ku i v\u00fd\u0161ku. Nam\u011b\u0159en\u00e9 hodnoty porovnejte s tabulkou.<\/p>\n<p>Pozor, rozm\u011br pr\u016framku m\u016f\u017ee ovlivnit i vybran\u00fd typ l\u00edmce. Velikostn\u00ed tabulky jsou pouze orienta\u010dn\u00ed. Jestli\u017ee budete na rozhran\u00ed dvou velikost\u00ed, pro v\u011bt\u0161\u00ed pohodl\u00ed doporu\u010dujeme zvolit vy\u0161\u0161\u00ed velikost. Pozor: tolerance \u0161\u00ed\u0159e i d\u00e9lky dresu +\/- 2cm<\/p>\n<p>V p\u0159\u00edpad\u011b po\u017eadavku na individu\u00e1ln\u00ed \u00fapravy d\u00e9lek produkt\u016f mimo rozm\u011bry uveden\u00e9 v tabulce si \u00fa\u010dtujeme poplatek 50,- K\u010d\/ks bez DPH.<\/p>\n<hr \/>\n<h3 style=\"text-align: center;\"><a href=\"#klasik-muzi\">Klasik mu\u017ei<\/a>\u00a0\/ <a href=\"#vypasovany\">Klasik vypasovan\u00fd mu\u017ei<\/a> \/\u00a0<a href=\"#raglan-muzi\">Ragl\u00e1n mu\u017ei<\/a>\u00a0\/\u00a0<a href=\"#klasik-zeny\">Klasik \u017eeny<\/a>\u00a0\/\u00a0<a href=\"#raglan-zeny\">Ragl\u00e1n \u017eeny<\/a>\u00a0\/\u00a0<a href=\"#doblo-muzi\">Doblo mu\u017ei<\/a> \/ <a href=\"#doblo-zeny\">Doblo \u017eeny<\/a><\/h3>\n<\/div>\n<hr \/>\n<p><img id=\"klasik-muzi\" class=\"wp-image-25398 size-full aligncenter\" src=\"https:\/\/www.bison.cz\/en\/wp-content\/uploads\/2021\/03\/vel-tab-KLASIK-PANSKY-NEW.jpg\" alt=\"\" width=\"651\" height=\"1045\" srcset=\"https:\/\/www.bison.cz\/en\/wp-content\/uploads\/2021\/03\/vel-tab-KLASIK-PANSKY-NEW.jpg 651w, https:\/\/www.bison.cz\/en\/wp-content\/uploads\/2021\/03\/vel-tab-KLASIK-PANSKY-NEW-187x300.jpg 187w, https:\/\/www.bison.cz\/en\/wp-content\/uploads\/2021\/03\/vel-tab-KLASIK-PANSKY-NEW-638x1024.jpg 638w\" sizes=\"(max-width: 651px) 100vw, 651px\" \/><\/p>\n<hr \/>\n<p><img id=\"vypasovany\" class=\"wp-image-7966 size-full aligncenter\" src=\"https:\/\/www.bison.cz\/en\/wp-content\/uploads\/2019\/08\/KLASIK-VYPASOVAN\u00dd-P\u00c1NSK\u00dd-new2.jpg\" alt=\"\" width=\"840\" height=\"1008\" srcset=\"https:\/\/www.bison.cz\/en\/wp-content\/uploads\/2019\/08\/KLASIK-VYPASOVAN\u00dd-P\u00c1NSK\u00dd-new2.jpg 840w, https:\/\/www.bison.cz\/en\/wp-content\/uploads\/2019\/08\/KLASIK-VYPASOVAN\u00dd-P\u00c1NSK\u00dd-new2-250x300.jpg 250w\" sizes=\"(max-width: 840px) 100vw, 840px\" \/><\/p>\n<hr \/>\n<p><img id=\"klasik-zeny\" class=\"aligncenter size-full wp-image-2326\" src=\"https:\/\/www.bison.cz\/en\/wp-content\/uploads\/2016\/02\/dresy-klasik-zeny-1.jpg\" alt=\"dresy-klasik-zeny\" width=\"649\" height=\"700\" srcset=\"https:\/\/www.bison.cz\/en\/wp-content\/uploads\/2016\/02\/dresy-klasik-zeny-1.jpg 649w, https:\/\/www.bison.cz\/en\/wp-content\/uploads\/2016\/02\/dresy-klasik-zeny-1-278x300.jpg 278w\" sizes=\"(max-width: 649px) 100vw, 649px\" \/><\/p>\n<hr \/>\n<p><img id=\"raglan-muzi\" class=\"wp-image-8544 size-full aligncenter\" src=\"https:\/\/www.bison.cz\/en\/wp-content\/uploads\/2020\/03\/vel-tab-RAGL\u00c1N-P\u00c1NSK\u00dd.jpg\" alt=\"\" width=\"650\" height=\"1075\" srcset=\"https:\/\/www.bison.cz\/en\/wp-content\/uploads\/2020\/03\/vel-tab-RAGL\u00c1N-P\u00c1NSK\u00dd.jpg 650w, https:\/\/www.bison.cz\/en\/wp-content\/uploads\/2020\/03\/vel-tab-RAGL\u00c1N-P\u00c1NSK\u00dd-181x300.jpg 181w, https:\/\/www.bison.cz\/en\/wp-content\/uploads\/2020\/03\/vel-tab-RAGL\u00c1N-P\u00c1NSK\u00dd-619x1024.jpg 619w\" sizes=\"(max-width: 650px) 100vw, 650px\" \/><\/p>\n<hr \/>\n<p><img id=\"raglan-zeny\" class=\"aligncenter size-large wp-image-4445\" src=\"https:\/\/www.bison.cz\/en\/wp-content\/uploads\/2016\/01\/vel-tab-ragl\u00e1n-d\u00e1msk\u00fd-1-688x1024.jpg\" alt=\"\" width=\"688\" height=\"1024\" srcset=\"https:\/\/www.bison.cz\/en\/wp-content\/uploads\/2016\/01\/vel-tab-ragl\u00e1n-d\u00e1msk\u00fd-1-688x1024.jpg 688w, https:\/\/www.bison.cz\/en\/wp-content\/uploads\/2016\/01\/vel-tab-ragl\u00e1n-d\u00e1msk\u00fd-1-202x300.jpg 202w, https:\/\/www.bison.cz\/en\/wp-content\/uploads\/2016\/01\/vel-tab-ragl\u00e1n-d\u00e1msk\u00fd-1-1170x1742.jpg 1170w, https:\/\/www.bison.cz\/en\/wp-content\/uploads\/2016\/01\/vel-tab-ragl\u00e1n-d\u00e1msk\u00fd-1.jpg 1376w\" sizes=\"(max-width: 688px) 100vw, 688px\" \/><\/p>\n<hr \/>\n<p><img id=\"doblo-muzi\" class=\"wp-image-7583 size-full aligncenter\" src=\"https:\/\/www.bison.cz\/en\/wp-content\/uploads\/2018\/12\/vel-tab-doblo-MU\u017dI.jpg\" alt=\"\" width=\"700\" height=\"1219\" srcset=\"https:\/\/www.bison.cz\/en\/wp-content\/uploads\/2018\/12\/vel-tab-doblo-MU\u017dI.jpg 700w, https:\/\/www.bison.cz\/en\/wp-content\/uploads\/2018\/12\/vel-tab-doblo-MU\u017dI-172x300.jpg 172w, https:\/\/www.bison.cz\/en\/wp-content\/uploads\/2018\/12\/vel-tab-doblo-MU\u017dI-588x1024.jpg 588w\" sizes=\"(max-width: 700px) 100vw, 700px\" \/><\/p>\n<hr \/>\n<p><img id=\"doblo-zeny\" class=\"aligncenter size-large wp-image-4441\" src=\"https:\/\/www.bison.cz\/en\/wp-content\/uploads\/2016\/01\/vel-tab-doblo-\u017dENY-1-718x1024.jpg\" alt=\"\" width=\"718\" height=\"1024\" srcset=\"https:\/\/www.bison.cz\/en\/wp-content\/uploads\/2016\/01\/vel-tab-doblo-\u017dENY-1-718x1024.jpg 718w, https:\/\/www.bison.cz\/en\/wp-content\/uploads\/2016\/01\/vel-tab-doblo-\u017dENY-1-210x300.jpg 210w, https:\/\/www.bison.cz\/en\/wp-content\/uploads\/2016\/01\/vel-tab-doblo-\u017dENY-1-1170x1669.jpg 1170w, https:\/\/www.bison.cz\/en\/wp-content\/uploads\/2016\/01\/vel-tab-doblo-\u017dENY-1.jpg 1435w\" sizes=\"(max-width: 718px) 100vw, 718px\" \/><\/p>\n<hr \/>\n<p><a class=\"krok-zpet\" href=\"https:\/\/www.bison.cz\/en\/sports\/volleyball\/size-tables\">Back<\/a><\/p>\n","protected":false},"excerpt":{"rendered":"<p>Velikostn\u00ed tabulky pro volejbalov\u00e9 dresy. Legenda B &#8211; rozm\u011br p\u0159es prsa u D\u00c1MSK\u00ddCH ST\u0158IH\u016e VELIKOSTN\u00cd TABULKA &#8211; DODATEK Uveden\u00e9 rozm\u011bry uv\u00e1d\u011bj\u00ed \u0161\u00ed\u0159ku dresu, NE obvod. Doporu\u010den\u00fd zp\u016fsob zji\u0161t\u011bn\u00ed pot\u0159ebn\u00e9 velikosti: dres nebo tri\u010dko, kter\u00e9 V\u00e1m p\u0159esn\u011b sed\u00ed, polo\u017ete na st\u016fl&hellip; <br \/><a class=\"read-more-button\" href=\"https:\/\/www.bison.cz\/en\/sports\/volleyball\/size-tables\/volleyball-jerseys\/\">Read more<\/a><\/p>\n","protected":false},"author":1,"featured_media":0,"parent":611,"menu_order":0,"comment_status":"closed","ping_status":"closed","template":"","meta":[],"_links":{"self":[{"href":"https:\/\/www.bison.cz\/en\/wp-json\/wp\/v2\/pages\/2320"}],"collection":[{"href":"https:\/\/www.bison.cz\/en\/wp-json\/wp\/v2\/pages"}],"about":[{"href":"https:\/\/www.bison.cz\/en\/wp-json\/wp\/v2\/types\/page"}],"author":[{"embeddable":true,"href":"https:\/\/www.bison.cz\/en\/wp-json\/wp\/v2\/users\/1"}],"replies":[{"embeddable":true,"href":"https:\/\/www.bison.cz\/en\/wp-json\/wp\/v2\/comments?post=2320"}],"version-history":[{"count":18,"href":"https:\/\/www.bison.cz\/en\/wp-json\/wp\/v2\/pages\/2320\/revisions"}],"predecessor-version":[{"id":25404,"href":"https:\/\/www.bison.cz\/en\/wp-json\/wp\/v2\/pages\/2320\/revisions\/25404"}],"up":[{"embeddable":true,"href":"https:\/\/www.bison.cz\/en\/wp-json\/wp\/v2\/pages\/611"}],"wp:attachment":[{"href":"https:\/\/www.bison.cz\/en\/wp-json\/wp\/v2\/media?parent=2320"}],"curies":[{"name":"wp","href":"https:\/\/api.w.org\/{rel}","templated":true}]}}