{"id":401,"date":"2016-01-11T08:45:43","date_gmt":"2016-01-11T07:45:43","guid":{"rendered":"https:\/\/www.bison.cz\/en\/?page_id=401"},"modified":"2019-11-20T14:18:25","modified_gmt":"2019-11-20T13:18:25","slug":"photogallery-of-clothes","status":"publish","type":"page","link":"https:\/\/www.bison.cz\/en\/sports\/athletics\/photogallery-of-clothes\/","title":{"rendered":"Photogallery of Clothes"},"content":{"rendered":"\r\n<div id=\"sport-squares\">\r\n                <div>\r\n\t\t\t\t\t<img src=\"\/en\/wp-content\/themes\/naturespace\/img\/squares\/fotogalerie-dresu.jpg\" \/>\r\n\t\t\t\t\t<a href=\"\/en\/sports\/wp-json\/photogallery-of-clothes\/\">Photogallery of jerseys<\/a>\r\n                <\/div>\r\n\r\n                <div>\r\n                    <img src=\"\/en\/wp-content\/themes\/naturespace\/img\/squares\/fotogalerie-tymu.jpg\" \/>\r\n\t\t\t\t\t<a href=\"\/en\/sports\/wp-json\/photogallery-of-teams\/\">Photogallery of teams<\/a>\r\n                <\/div>               \r\n\r\n\t\t\t\t<div>\r\n                    <img src=\"\/en\/wp-content\/themes\/naturespace\/img\/squares\/galerie-grafiky.jpg\" \/>\r\n\t\t\t\t\t<a href=\"\/en\/sports\/wp-json\/gallery-of-graphics\/\">Gallery of graphics<\/a>\r\n                <\/div>\r\n\t\r\n                <div style=\"margin-right: 0px; float: right;\">\r\n                    <img src=\"\/en\/wp-content\/themes\/naturespace\/img\/squares\/designova-inspirace.jpg\" \/>\r\n\t\t\t\t\t<a href=\"\/en\/sports\/wp-json\/designs-inspiration\/\">Designs inspiration<\/a>\r\n                <\/div>\r\n<\/div>\r\n<div style=\"clear: both;\"><\/div>\r\n\r\n\n\n\n\n<p><strong>Fotogalerie vyroben\u00e9ho oble\u010den\u00ed pro atletiku.<\/strong><\/p>\n\n\n\n<hr class=\"wp-block-separator\"\/>\n\n\n<!-- Final Tiles Grid Gallery for WordPress v3.5.5 free --><style>#ftg-5353 .tile .icon { color:#ffffff; }#ftg-5353 .ftg-items .loading-bar i { background:#666; }#ftg-5353 .ftg-items .loading-bar { background:#fff; }#ftg-5353 .tile .icon { font-size:12px; }#ftg-5353 .tile .icon { margin: -6px 0 0 -6px; }#ftg-5353 .tile .caption-block .text-wrapper span.text { font-size:12px; }#ftg-5353 .tile .caption-outside .text-wrapper span.text { font-size:12px; }#ftg-5353 .tile .caption-block .text-wrapper span.title { font-size:14px; }#ftg-5353 .tile .caption-outside .text-wrapper span.title { font-size:14px; }#ftg-5353 .tile { background-color: transparent; }#ftg-5353 .tile .caption-block .text-wrapper span.text { color: #ffffff; }#ftg-5353 .tile .caption-block .text-wrapper span.title { color: #ffffff; }#ftg-5353 .tile .caption-outside .text-wrapper span.text { color: #ffffff; }#ftg-5353 .tile .caption-outside .text-wrapper span.title { color: #ffffff; }#ftg-5353 .tile .ftg-social a { color: #ffffff; }#ftg-5353 .tile .caption-block { transition-duration:0.25s; }#ftg-5353 .tile .tile-inner:before { background-color: #000000; }#ftg-5353 .tile .tile-inner:before { background-color: rgba(0, 0, 0, 0.8); }#ftg-5353 .tile:hover img {-moz-transform: ;-webkit-transform: ;-o-transform: ;-ms-transform: ;transform: ;}<\/style><a name='53'><\/a><div class='final-tiles-gallery  ftg-hover-enabled caption-inside  caption-none caption-middle caption-center' id='ftg-5353' style='width:100%'><div class='ftg-items'><div class='loading-bar'><i><\/i><\/div><div  class='tile ftg-preload  '><a title=\"atlet_dres_m\" data-lightbox='ftg-5353' rel='ftg-5353'  class=' tile-inner  ftg-lightbox' href='https:\/\/www.bison.cz\/en\/wp-content\/uploads\/2018\/07\/atlet_dres_m-1024x722.jpg' ><img alt='atlet_dres_m' class='item skip-lazy' data-class='item' data-ftg-source='https:\/\/www.bison.cz\/en\/wp-content\/uploads\/2018\/07\/atlet_dres_m-1024x722.jpg' src='https:\/\/www.bison.cz\/en\/wp-content\/uploads\/2018\/07\/atlet_dres_m-1024x722.jpg' width='840' height='592' \/><div class='caption-block'><div class='text-wrapper'><span class='title'>atlet_dres_m<\/span><\/div><\/div><\/a><div class='ftg-social'><\/div><\/div><div  class='tile ftg-preload  '><a title=\"B\u011b\u017eeck\u00fd dres Bison Sportswear.\" data-lightbox='ftg-5353' rel='ftg-5353'  class=' tile-inner  ftg-lightbox' href='https:\/\/www.bison.cz\/en\/wp-content\/uploads\/2016\/01\/bezecka-univerzal-1024x722.jpg' ><img alt='B\u011b\u017eeck\u00fd dres Bison Sportswear.' class='item skip-lazy' data-class='item' data-ftg-source='https:\/\/www.bison.cz\/en\/wp-content\/uploads\/2016\/01\/bezecka-univerzal-1024x722.jpg' src='https:\/\/www.bison.cz\/en\/wp-content\/uploads\/2016\/01\/bezecka-univerzal-1024x722.jpg' width='840' height='592' \/><div class='caption-block'><div class='text-wrapper'><span class='title'>B\u011b\u017eeck\u00fd dres Bison Sportswear.<\/span><\/div><\/div><\/a><div class='ftg-social'><\/div><\/div><div  class='tile ftg-preload  '><a title=\"atlet_komple_m\" data-lightbox='ftg-5353' rel='ftg-5353'  class=' tile-inner  ftg-lightbox' href='https:\/\/www.bison.cz\/en\/wp-content\/uploads\/2018\/07\/atlet_komple_m-1024x722.jpg' ><img alt='atlet_komple_m' class='item skip-lazy' data-class='item' data-ftg-source='https:\/\/www.bison.cz\/en\/wp-content\/uploads\/2018\/07\/atlet_komple_m-1024x722.jpg' src='https:\/\/www.bison.cz\/en\/wp-content\/uploads\/2018\/07\/atlet_komple_m-1024x722.jpg' width='840' height='592' \/><div class='caption-block'><div class='text-wrapper'><span class='title'>atlet_komple_m<\/span><\/div><\/div><\/a><div class='ftg-social'><\/div><\/div><div  class='tile ftg-preload  '><a title=\"Dres Bison Sportswear.\" data-lightbox='ftg-5353' rel='ftg-5353'  class=' tile-inner  ftg-lightbox' href='https:\/\/www.bison.cz\/en\/wp-content\/uploads\/2018\/02\/dres_brankovic_me-1024x722.jpg' ><img alt='Dres atletick\u00e9ho klubu od v\u00fdrobce Bison Sportswear.' class='item skip-lazy' data-class='item' data-ftg-source='https:\/\/www.bison.cz\/en\/wp-content\/uploads\/2018\/02\/dres_brankovic_me-1024x722.jpg' src='https:\/\/www.bison.cz\/en\/wp-content\/uploads\/2018\/02\/dres_brankovic_me-1024x722.jpg' width='840' height='592' \/><div class='caption-block'><div class='text-wrapper'><span class='title'>Dres Bison Sportswear.<\/span><\/div><\/div><\/a><div class='ftg-social'><\/div><\/div><div  class='tile ftg-preload  '><a title=\"lakros-racerback-1\" data-lightbox='ftg-5353' rel='ftg-5353'  class=' tile-inner  ftg-lightbox' href='https:\/\/www.bison.cz\/en\/wp-content\/uploads\/2019\/11\/lakros-racerback-1-1024x722.jpg' ><img alt='lakros-racerback-1' class='item skip-lazy' data-class='item' data-ftg-source='https:\/\/www.bison.cz\/en\/wp-content\/uploads\/2019\/11\/lakros-racerback-1-1024x722.jpg' src='https:\/\/www.bison.cz\/en\/wp-content\/uploads\/2019\/11\/lakros-racerback-1-1024x722.jpg' width='840' height='592' \/><div class='caption-block'><div class='text-wrapper'><span class='title'>lakros-racerback-1<\/span><\/div><\/div><\/a><div class='ftg-social'><\/div><\/div><div  class='tile ftg-preload  '><a title=\"lakros-racerback-2-1024x722\" data-lightbox='ftg-5353' rel='ftg-5353'  class=' tile-inner  ftg-lightbox' href='https:\/\/www.bison.cz\/en\/wp-content\/uploads\/2019\/11\/lakros-racerback-2-1024x722-1024x722.jpg' ><img alt='lakros-racerback-2-1024x722' class='item skip-lazy' data-class='item' data-ftg-source='https:\/\/www.bison.cz\/en\/wp-content\/uploads\/2019\/11\/lakros-racerback-2-1024x722-1024x722.jpg' src='https:\/\/www.bison.cz\/en\/wp-content\/uploads\/2019\/11\/lakros-racerback-2-1024x722-1024x722.jpg' width='840' height='592' \/><div class='caption-block'><div class='text-wrapper'><span class='title'>lakros-racerback-2-1024x722<\/span><\/div><\/div><\/a><div class='ftg-social'><\/div><\/div><div  class='tile ftg-preload  '><a title=\"B\u011b\u017eeck\u00e1 mikina  Bison Sportswear.\" data-lightbox='ftg-5353' rel='ftg-5353'  class=' tile-inner  ftg-lightbox' href='https:\/\/www.bison.cz\/en\/wp-content\/uploads\/2016\/01\/bazen_mikina_m-1024x722.jpg' ><img alt='B\u011b\u017eeck\u00e1 mikina Bison Sportswear.' class='item skip-lazy' data-class='item' data-ftg-source='https:\/\/www.bison.cz\/en\/wp-content\/uploads\/2016\/01\/bazen_mikina_m-1024x722.jpg' src='https:\/\/www.bison.cz\/en\/wp-content\/uploads\/2016\/01\/bazen_mikina_m-1024x722.jpg' width='840' height='592' \/><div class='caption-block'><div class='text-wrapper'><span class='title'>B\u011b\u017eeck\u00e1 mikina  Bison Sportswear.<\/span><\/div><\/div><\/a><div class='ftg-social'><\/div><\/div><\/div><\/div><script type='text\/javascript'>jQuery('#ftg-5353 img.item').removeAttr('src');jQuery(document).ready(function () {setTimeout(function () {jQuery('#ftg-5353').finalTilesGallery({minTileWidth: 250,margin: 10,loadMethod: 'sequential',nonce: '97b3b44aa8',galleryId: '53',setupFilters: true,layout: 'final',debug: false,gridSize: 25,disableGridSizeBelow:800,allowEnlargement: true,imageSizeFactor: [ [4000, 0.3],[1024, 0.3],[768, 0.2],[640, 0.3],[320, 0.2]],selectedFilter: 'n-a'});jQuery(function () {(function () {var rel = '';jQuery('#ftg-5353 .ftg-lightbox').click(function (e) {rel = jQuery(this).attr('rel');jQuery('#ftg-5353 .ftg-current').removeClass('ftg-current');jQuery('#ftg-5353 [rel=\"'+rel+'\"]').addClass('ftg-current');});})();});}, 0);});<\/script>\n\n\n\n<hr class=\"wp-block-separator\"\/>\n\n\n\n<p class=\"krok-zpet\"><a href=\"https:\/\/www.bison.cz\/en\/sports\/athletics\/\">Back<\/a><\/p>\n","protected":false},"excerpt":{"rendered":"<p>Fotogalerie vyroben\u00e9ho oble\u010den\u00ed pro atletiku. Back<\/p>\n","protected":false},"author":1,"featured_media":0,"parent":132,"menu_order":1,"comment_status":"closed","ping_status":"closed","template":"","meta":[],"_links":{"self":[{"href":"https:\/\/www.bison.cz\/en\/wp-json\/wp\/v2\/pages\/401"}],"collection":[{"href":"https:\/\/www.bison.cz\/en\/wp-json\/wp\/v2\/pages"}],"about":[{"href":"https:\/\/www.bison.cz\/en\/wp-json\/wp\/v2\/types\/page"}],"author":[{"embeddable":true,"href":"https:\/\/www.bison.cz\/en\/wp-json\/wp\/v2\/users\/1"}],"replies":[{"embeddable":true,"href":"https:\/\/www.bison.cz\/en\/wp-json\/wp\/v2\/comments?post=401"}],"version-history":[{"count":11,"href":"https:\/\/www.bison.cz\/en\/wp-json\/wp\/v2\/pages\/401\/revisions"}],"predecessor-version":[{"id":8348,"href":"https:\/\/www.bison.cz\/en\/wp-json\/wp\/v2\/pages\/401\/revisions\/8348"}],"up":[{"embeddable":true,"href":"https:\/\/www.bison.cz\/en\/wp-json\/wp\/v2\/pages\/132"}],"wp:attachment":[{"href":"https:\/\/www.bison.cz\/en\/wp-json\/wp\/v2\/media?parent=401"}],"curies":[{"name":"wp","href":"https:\/\/api.w.org\/{rel}","templated":true}]}}