{"id":4262,"date":"2017-10-08T12:24:37","date_gmt":"2017-10-08T11:24:37","guid":{"rendered":"https:\/\/www.bison.cz\/en\/?page_id=4262"},"modified":"2018-03-31T10:02:52","modified_gmt":"2018-03-31T09:02:52","slug":"select-product","status":"publish","type":"page","link":"https:\/\/www.bison.cz\/en\/sports\/rugby\/select-product\/","title":{"rendered":"Select Product"},"content":{"rendered":"<div data-post-id='120' class='insert-page insert-page-120 '>\n<h2>Rugby<\/h2>\n\n\n<p><strong>Rugby<\/strong>, just as the word sounds, is not a sport for \u201cladies.\u201d Whether you are a fearless female rugby player, or a burly rugby player, our jerseys of special material will give you the necessary comfort during your play.<\/p>\n<div id=\"bottom-panel-inner\" class=\"collapseomatic noarrow\">\n<h3>More information<\/h3>\n<p><img src=\"\/en\/wp-content\/themes\/naturespace\/img\/sipku-down-grey.png\" \/><\/p>\n<\/div>\n<div id=\"target-bottom-panel-inner\" class=\"collapseomatic_content hidden-panel\">\n<h3>Rugby Jerseys<\/h3>\n<p>Rugby jerseys are manufactured from Span 300 gr. material that is produced in the European Union. It is a very durable and comfortable material. The great advantage is also its big elasticity, thanks to which the jerseys of Span 300 gr. material perfectly copy the athlete&#8217;s body. Simply the jerseys look good, they have an increased compression ability, all seams are double quilted with a special stitch. We do not leave anything to chance. The RC Dragon Brno club participated in the rugby jerseys development.<\/p>\n<p>The size can be determined using our <a href=\"\/en\/sports\/rugby\/size-tables\/\">size tables<\/a>. The basic information on the price can be found in the <a href=\"\/en\/sports\/rugby\/price-list\/\">price list<\/a>.<\/p>\n<h3>Rugby Shorts<\/h3>\n<p>Shorts, rugby shorts provide maximum durability, professional appearance and especially comfort for male and female players. Shorts are manufactured in a special pattern that provides a feeling of complete freedom. They are manufactured of Seven 240 gr. material. It is a lightweight, breathable material with exceptional strength. This material can, thanks to its properties, replace heavy, air impermeable materials<br \/>where the main requirement is strength. All seams are double quilted by a special stitch using two-core threads. The basic design of shorts has an elastic bands and drawstring. Rugby shorts are tested in extreme stress in league clubs.<\/p>\n<p>More information about materials can be found <a href=\"\/en\/information\/materials\/\">here<\/a>. The size can be determined using our <a href=\"\/en\/sports\/rugby\/size-tables\/\">size tables<\/a>. And the price? Basic information can be found in <a href=\"\/en\/sports\/rugby\/price-list\/\">price list<\/a>.<\/p>\n<h3>Rugby Socks<\/h3>\n<p>Rugby socks are not just \u201cfor show\u201d but their main function is to effectively protect the rugby player\u2019s calves as well as women rugby players from unpleasant grazes and pollution. The socks are comfortable, from a comfortable material and it is pleasant to wear them.<\/p>\n<h4>Socks with Stirrup Loop at Bottom<\/h4>\n<p>We will be glad to provide you with highly elastic high quality classic socks with stirrup loop at bottom that will ensure a perfect fixation of the pad on the leg. The socks are reinforced on the brim and at the ankle with quality knit. We will deliver the sock to you in various color combinations according to the color swatch and your wishes. The basic material composition of football socks is 95% polypropylene, 5% elastane. We supply socks in different sizes, ranging from the smallest for children up to adult sizes. Basic information about price can be found in the <a href=\"\/en\/sports\/rugby\/price-list\/\">price list<\/a>.<\/p>\n<h4>Rugby Socks<\/h4>\n<p>We offer you the top professional football socks with maximum fixation. The football sock is manufactured from a finely densely knitted polypropylene, which provides a very comfortable wearing. The calf part contains a specially reinforced ventilation area to increase comfort and leg ventilation. A fixation zone for perfect fit on the leg is also provided in the sock. The foot sole of the sock is made from terry thus creating a comfortable environment for foot sole. This design also prevents twisting the football socks to the side.<br \/>Excellent quality design of the football sock is designed for the most demanding customers.<\/p>\n<p>We will deliver the sock to you in various color combinations according to the color swatch and your wishes. The basic material composition of football socks is 85% polypropylene, 10% cotton and 5% elastane. The socks are delivered in different sizes, standardly: 3-4, 5-7, 8-10, 11-12. Basic information about the price can be found in the <a href=\"\/en\/sports\/rugby\/price-list\/\">price list<\/a>.<\/p>\n<h3>Vlastn\u00ed n\u00e1vrh<\/h3>\n<p>Pokud si nevyberete \u017e\u00e1dn\u00fd model <strong>dresu<\/strong> z na\u0161\u00ed nab\u00eddky, nebo po\u017eadujete <strong>dresy v origin\u00e1ln\u00edm designu<\/strong>,m\u016f\u017eeme v na\u0161em <strong>grafick\u00e9m studiu<\/strong> spole\u010dn\u011b s v\u00e1mi vytvo\u0159it <strong>dresy podle va\u0161ich p\u0159edsta<\/strong>v. <strong>P\u0159\u00edprava grafick\u00e9ho n\u00e1vrhu je zdarma.<\/strong> Samostatn\u00e1 v\u00fdroba se v\u017edy uskute\u010dn\u00ed a\u017e po odsouhlasen\u00ed vzork\u016f nebo tiskov\u00fdch n\u00e1hled\u016f. V p\u0159\u00edpad\u011b ztr\u00e1ty nebo zni\u010den\u00ed va\u0161ich sou\u010dasn\u00fdch<strong> dres\u016f<\/strong> v\u00e1m r\u00e1di zkompletujeme ne\u00fapln\u00e9 sady zhotoven\u00edm podobn\u00fdch <strong>dres\u016f<\/strong> tak, abyste i nad\u00e1le mohli tyto <strong>dresy<\/strong> pou\u017e\u00edvat.<\/p>\n<\/div>\n\n\n\n\n\r\n<div id=\"sport-squares\">\r\n                <div>\r\n\t\t\t\t\t<img src=\"\/en\/wp-content\/themes\/naturespace\/img\/squares\/fotogalerie-dresu.jpg\" \/>\r\n\t\t\t\t\t<a href=\"\/en\/sports\/wp-json\/photogallery-of-clothes\/\">Photogallery of jerseys<\/a>\r\n                <\/div>\r\n\r\n                <div>\r\n                    <img src=\"\/en\/wp-content\/themes\/naturespace\/img\/squares\/fotogalerie-tymu.jpg\" \/>\r\n\t\t\t\t\t<a href=\"\/en\/sports\/wp-json\/photogallery-of-teams\/\">Photogallery of teams<\/a>\r\n                <\/div>               \r\n\r\n\t\t\t\t<div>\r\n                    <img src=\"\/en\/wp-content\/themes\/naturespace\/img\/squares\/galerie-grafiky.jpg\" \/>\r\n\t\t\t\t\t<a href=\"\/en\/sports\/wp-json\/gallery-of-graphics\/\">Gallery of graphics<\/a>\r\n                <\/div>\r\n\t\r\n                <div style=\"margin-right: 0px; float: right;\">\r\n                    <img src=\"\/en\/wp-content\/themes\/naturespace\/img\/squares\/designova-inspirace.jpg\" \/>\r\n\t\t\t\t\t<a href=\"\/en\/sports\/wp-json\/designs-inspiration\/\">Designs inspiration<\/a>\r\n                <\/div>\r\n<\/div>\r\n<div style=\"clear: both;\"><\/div>\r\n\r\n\n<\/div>\n","protected":false},"excerpt":{"rendered":"","protected":false},"author":1,"featured_media":0,"parent":120,"menu_order":0,"comment_status":"closed","ping_status":"closed","template":"","meta":[],"_links":{"self":[{"href":"https:\/\/www.bison.cz\/en\/wp-json\/wp\/v2\/pages\/4262"}],"collection":[{"href":"https:\/\/www.bison.cz\/en\/wp-json\/wp\/v2\/pages"}],"about":[{"href":"https:\/\/www.bison.cz\/en\/wp-json\/wp\/v2\/types\/page"}],"author":[{"embeddable":true,"href":"https:\/\/www.bison.cz\/en\/wp-json\/wp\/v2\/users\/1"}],"replies":[{"embeddable":true,"href":"https:\/\/www.bison.cz\/en\/wp-json\/wp\/v2\/comments?post=4262"}],"version-history":[{"count":2,"href":"https:\/\/www.bison.cz\/en\/wp-json\/wp\/v2\/pages\/4262\/revisions"}],"predecessor-version":[{"id":6680,"href":"https:\/\/www.bison.cz\/en\/wp-json\/wp\/v2\/pages\/4262\/revisions\/6680"}],"up":[{"embeddable":true,"href":"https:\/\/www.bison.cz\/en\/wp-json\/wp\/v2\/pages\/120"}],"wp:attachment":[{"href":"https:\/\/www.bison.cz\/en\/wp-json\/wp\/v2\/media?parent=4262"}],"curies":[{"name":"wp","href":"https:\/\/api.w.org\/{rel}","templated":true}]}}