{"id":4266,"date":"2017-10-08T12:25:48","date_gmt":"2017-10-08T11:25:48","guid":{"rendered":"https:\/\/www.bison.cz\/en\/?page_id=4266"},"modified":"2018-03-31T08:49:07","modified_gmt":"2018-03-31T07:49:07","slug":"select-product","status":"publish","type":"page","link":"https:\/\/www.bison.cz\/en\/sports\/darts\/select-product\/","title":{"rendered":"Select Product"},"content":{"rendered":"<div data-post-id='323' class='insert-page insert-page-323 '>\n<h2>Darts<\/h2>\n\n\n\n<p>The team polo-shirt is designed for darts sportswear activities as well as casual wear. Handmade production in the Czech Republic guarantees high-quality processing and hygienic wholesomeness of used materials. Pleasant material provides a comfortable feeling when wearing it. One of the big advantages is the possibility of full sublimation print and thus perfect appearance of the entire team during the darts competition.<\/p>\n\n\n\n<p>We offer you two polo-shirts &#8211; PRO and CLASSIC. These polo-shirts are manufactured of a PIQUE [PIK\u00c9] 150gr. material. This is a very comfortable material, feeling like cotton. It has excellent absorbent properties and non-shrinking design. The possibility of using sublimation printing on this exclusive material is a novelty. The polo-shirt is designed in POLO pattern with a modern collar, with a reinforced opening and four buttons. Polo-shirts have double seams stitching and the inner seam is covered with a trimming. There is also an impressively printed inner label and an elongated back part. We offer you the opportunity to choose from men\u2019s and women\u2019s pattern design.<\/p>\n\n\n\n<p>More detailed information about materials can be found <a href=\"\/en\/information\/materials\/\">here<\/a>. The basic information on the price can be found in the <a href=\"\/en\/sports\/darts\/price-list\/\">price list<\/a>.<\/p>\n\n\n\n<h3>Vlastn\u00ed n\u00e1vrh<\/h3>\n\n\n\n<p>Pokud si nevyberete \u017e\u00e1dn\u00fd model <strong>dresu<\/strong> z na\u0161\u00ed nab\u00eddky, nebo po\u017eadujete dresy v <strong>origin\u00e1ln\u00edm designu<\/strong>, m\u016f\u017eeme v na\u0161em grafick\u00e9m studiu spole\u010dn\u011b s v\u00e1mi vytvo\u0159it <strong>dresy<\/strong> podle va\u0161ich p\u0159edstav. <strong>P\u0159\u00edprava grafick\u00e9ho n\u00e1vrhu je zdarma.<\/strong> Samostatn\u00e1 v\u00fdroba se v\u017edy uskute\u010dn\u00ed a\u017e po odsouhlasen\u00ed vzork\u016f nebo tiskov\u00fdch n\u00e1hled\u016f. V p\u0159\u00edpad\u011b ztr\u00e1ty nebo zni\u010den\u00ed va\u0161ich sou\u010dasn\u00fdch <strong>dres\u016f<\/strong> v\u00e1m r\u00e1di zkompletujeme ne\u00fapln\u00e9 sady zhotoven\u00edm podobn\u00fdch <strong>dres\u016f<\/strong> tak, abyste i nad\u00e1le mohli tyto <strong>dresy<\/strong> pou\u017e\u00edvat.<br><!--?php } ?--><\/p>\n\n\n\n\n\n\r\n<div id=\"sport-squares\">\r\n                <div>\r\n\t\t\t\t\t<img src=\"\/en\/wp-content\/themes\/naturespace\/img\/squares\/fotogalerie-dresu.jpg\" \/>\r\n\t\t\t\t\t<a href=\"\/en\/sports\/wp-json\/photogallery-of-clothes\/\">Photogallery of jerseys<\/a>\r\n                <\/div>\r\n\r\n                <div>\r\n                    <img src=\"\/en\/wp-content\/themes\/naturespace\/img\/squares\/fotogalerie-tymu.jpg\" \/>\r\n\t\t\t\t\t<a href=\"\/en\/sports\/wp-json\/photogallery-of-teams\/\">Photogallery of teams<\/a>\r\n                <\/div>               \r\n\r\n\t\t\t\t<div>\r\n                    <img src=\"\/en\/wp-content\/themes\/naturespace\/img\/squares\/galerie-grafiky.jpg\" \/>\r\n\t\t\t\t\t<a href=\"\/en\/sports\/wp-json\/gallery-of-graphics\/\">Gallery of graphics<\/a>\r\n                <\/div>\r\n\t\r\n                <div style=\"margin-right: 0px; float: right;\">\r\n                    <img src=\"\/en\/wp-content\/themes\/naturespace\/img\/squares\/designova-inspirace.jpg\" \/>\r\n\t\t\t\t\t<a href=\"\/en\/sports\/wp-json\/designs-inspiration\/\">Designs inspiration<\/a>\r\n                <\/div>\r\n<\/div>\r\n<div style=\"clear: both;\"><\/div>\r\n\r\n\n<\/div>\n","protected":false},"excerpt":{"rendered":"","protected":false},"author":1,"featured_media":0,"parent":323,"menu_order":0,"comment_status":"closed","ping_status":"closed","template":"","meta":[],"_links":{"self":[{"href":"https:\/\/www.bison.cz\/en\/wp-json\/wp\/v2\/pages\/4266"}],"collection":[{"href":"https:\/\/www.bison.cz\/en\/wp-json\/wp\/v2\/pages"}],"about":[{"href":"https:\/\/www.bison.cz\/en\/wp-json\/wp\/v2\/types\/page"}],"author":[{"embeddable":true,"href":"https:\/\/www.bison.cz\/en\/wp-json\/wp\/v2\/users\/1"}],"replies":[{"embeddable":true,"href":"https:\/\/www.bison.cz\/en\/wp-json\/wp\/v2\/comments?post=4266"}],"version-history":[{"count":2,"href":"https:\/\/www.bison.cz\/en\/wp-json\/wp\/v2\/pages\/4266\/revisions"}],"predecessor-version":[{"id":6491,"href":"https:\/\/www.bison.cz\/en\/wp-json\/wp\/v2\/pages\/4266\/revisions\/6491"}],"up":[{"embeddable":true,"href":"https:\/\/www.bison.cz\/en\/wp-json\/wp\/v2\/pages\/323"}],"wp:attachment":[{"href":"https:\/\/www.bison.cz\/en\/wp-json\/wp\/v2\/media?parent=4266"}],"curies":[{"name":"wp","href":"https:\/\/api.w.org\/{rel}","templated":true}]}}