{"id":4282,"date":"2017-10-08T15:11:47","date_gmt":"2017-10-08T14:11:47","guid":{"rendered":"https:\/\/www.bison.cz\/en\/?page_id=4282"},"modified":"2018-03-31T08:37:22","modified_gmt":"2018-03-31T07:37:22","slug":"select-design","status":"publish","type":"page","link":"https:\/\/www.bison.cz\/en\/sports\/basketball\/select-design\/","title":{"rendered":"Select Design"},"content":{"rendered":"<div data-post-id='116' class='insert-page insert-page-116 '>\n<h2>Basketball<\/h2>\n\n\n<p>Running, rebounds, passings. Basketball is a beautiful game, whether you just go to throw to the basket somewhere on the sports field, or play streetball with your friends, it is good to have a comfortable and functional jersey. We make no difference between amateur athletes and professionals. We always offer premium quality according to customer\u2019s requirements. We will supply basketball jerseys, shorts and shirts (for change of clothes) according to your own preference.<\/p>\n<div id=\"bottom-panel-inner\" class=\"collapseomatic noarrow\">\n<h3>More information<\/h3>\n<p><img src=\"\/en\/wp-content\/themes\/naturespace\/img\/sipku-down-grey.png\" \/><\/p>\n<\/div>\n<div id=\"target-bottom-panel-inner\" class=\"collapseomatic_content hidden-panel\">\n<h3>Basketball Jerseys<\/h3>\n<p>The basketball jersey pattern is manufactured in two versions &#8211; the men\u2019s (classical or raglan) and the women\u2019s (classical or raglan anatomically adapted to the female body). You can also choose from new, attractive adjusted patterns. Naturally, you can choose the type of collar, fonts and numbers according to your your wishes. The basic jerseys size can be determined using <a href=\"\/en\/sports\/basketball\/size-tables\/\">size tables<\/a>. The best materials of jerseys are: CANADA 155 gr., CoMo 160 gr., LION 160 gr., KOSTKA 145 gr., B\u00c1RA 145 gr., GOLF 205 gr. and O-Zone 170 gr. Golf 205 gr. material is an interesting option. It is a comfortable, sublime elastic material of close-fitting pattern that ensures excellent sweat removal, thus helping to maintain a constant body temperature. More detailed information about materials can be found <a href=\"\/en\/information\/materials\/\">here<\/a>. And the price? Basic information can be found in the <a href=\"\/en\/sports\/basketball\/price-list\/\">price list<\/a>.<\/p>\n<h3>Basketball Shorts<\/h3>\n<p>Basketball shorts and shorts can also be chosen and ordered separately without the jerseys. However, if you need a complete sporting set, we recommend choosing a jersey to which we will prepare a correction of the shorts in the same design without any commitment. Basketball shorts are manufactured in two versions of the pattern. Men\u2019s (classic) and women\u2019s (elastic). You can choose from new, attractive adjusted patterns. The best materials of jerseys are: CANADA 155 gr., CoMo 160 gr., LION 160 gr., KOSTKA 145 gr., B\u00c1RA 145 gr., GOLF 205 gr., O-Zone 170 gr. More information about materials can be found <a href=\"\/en\/information\/materials\/\">here<\/a>. The size can be determined using our <a href=\"\/en\/sports\/basketball\/size-tables\/\">size tables<\/a>. And the price? Basic information can be found in <a href=\"\/en\/sports\/basketball\/price-list\/\">price list<\/a>.<\/p>\n<h3>Shirts for Wearing on Jerseys<\/h3>\n<p>Nowadays shirts belong to the standard basketball clothing. The main advantage of shirts is prevention of sudden exposure to cold and thus possible muscle injury. The standard design is short sleeved, but a long sleeve is also possible. Shirt can be fitted with short zipper or whole-zipper. Basketball shirts along with trousers create a perfect match in design, according to customer\u2019s wishes. Thanks to its very nice pattern design, the shirts and pants belong to a very sought-after assortment. The shirts can be produced from a material of your choice. More detailed information about materials can be found <a href=\"\/en\/information\/materials\/\">here<\/a>. It is possible to specify the size according to our <a href=\"\/en\/sports\/basketball\/size-tables\/\">size tables<\/a>. The basic information on the price can be found in the <a href=\"\/en\/sports\/basketball\/price-list\/\">price list<\/a>.<\/p>\n<h3>Vlastn\u00ed n\u00e1vrh<\/h3>\n<p>Pokud si nevyberete \u017e\u00e1dn\u00fd model dresu z na\u0161\u00ed nab\u00eddky, nebo po\u017eadujete <strong>basketbalov\u00e9 dresy, tren\u00fdrky <\/strong>a<strong> p\u0159evle\u010dn\u00edky<\/strong> v origin\u00e1ln\u00edm designu,m\u016f\u017eeme v na\u0161em grafick\u00e9m studiu spole\u010dn\u011b s v\u00e1mi vytvo\u0159it designy podle va\u0161ich p\u0159edstav. <strong>P\u0159\u00edprava grafick\u00e9ho n\u00e1vrhu je zdarma.<\/strong> Samostatn\u00e1 v\u00fdroba se v\u017edy uskute\u010dn\u00ed a\u017e po odsouhlasen\u00ed vzork\u016f nebo tiskov\u00fdch n\u00e1hled\u016f. V p\u0159\u00edpad\u011b ztr\u00e1ty nebo zni\u010den\u00ed va\u0161ich sou\u010dasn\u00fdch dres\u016f v\u00e1m r\u00e1di zkompletujeme ne\u00fapln\u00e9 sady zhotoven\u00edm podobn\u00fdch dres\u016f tak, abyste i nad\u00e1le mohli tyto <strong>dresy<\/strong> pou\u017e\u00edvat.<\/p>\n<\/div>\n\n\n\n\n\r\n<div id=\"sport-squares\">\r\n                <div>\r\n\t\t\t\t\t<img src=\"\/en\/wp-content\/themes\/naturespace\/img\/squares\/fotogalerie-dresu.jpg\" \/>\r\n\t\t\t\t\t<a href=\"\/en\/sports\/wp-json\/photogallery-of-clothes\/\">Photogallery of jerseys<\/a>\r\n                <\/div>\r\n\r\n                <div>\r\n                    <img src=\"\/en\/wp-content\/themes\/naturespace\/img\/squares\/fotogalerie-tymu.jpg\" \/>\r\n\t\t\t\t\t<a href=\"\/en\/sports\/wp-json\/photogallery-of-teams\/\">Photogallery of teams<\/a>\r\n                <\/div>               \r\n\r\n\t\t\t\t<div>\r\n                    <img src=\"\/en\/wp-content\/themes\/naturespace\/img\/squares\/galerie-grafiky.jpg\" \/>\r\n\t\t\t\t\t<a href=\"\/en\/sports\/wp-json\/gallery-of-graphics\/\">Gallery of graphics<\/a>\r\n                <\/div>\r\n\t\r\n                <div style=\"margin-right: 0px; float: right;\">\r\n                    <img src=\"\/en\/wp-content\/themes\/naturespace\/img\/squares\/designova-inspirace.jpg\" \/>\r\n\t\t\t\t\t<a href=\"\/en\/sports\/wp-json\/designs-inspiration\/\">Designs inspiration<\/a>\r\n                <\/div>\r\n<\/div>\r\n<div style=\"clear: both;\"><\/div>\r\n\r\n\n<\/div>\n","protected":false},"excerpt":{"rendered":"","protected":false},"author":1,"featured_media":0,"parent":116,"menu_order":0,"comment_status":"closed","ping_status":"closed","template":"","meta":[],"_links":{"self":[{"href":"https:\/\/www.bison.cz\/en\/wp-json\/wp\/v2\/pages\/4282"}],"collection":[{"href":"https:\/\/www.bison.cz\/en\/wp-json\/wp\/v2\/pages"}],"about":[{"href":"https:\/\/www.bison.cz\/en\/wp-json\/wp\/v2\/types\/page"}],"author":[{"embeddable":true,"href":"https:\/\/www.bison.cz\/en\/wp-json\/wp\/v2\/users\/1"}],"replies":[{"embeddable":true,"href":"https:\/\/www.bison.cz\/en\/wp-json\/wp\/v2\/comments?post=4282"}],"version-history":[{"count":2,"href":"https:\/\/www.bison.cz\/en\/wp-json\/wp\/v2\/pages\/4282\/revisions"}],"predecessor-version":[{"id":6454,"href":"https:\/\/www.bison.cz\/en\/wp-json\/wp\/v2\/pages\/4282\/revisions\/6454"}],"up":[{"embeddable":true,"href":"https:\/\/www.bison.cz\/en\/wp-json\/wp\/v2\/pages\/116"}],"wp:attachment":[{"href":"https:\/\/www.bison.cz\/en\/wp-json\/wp\/v2\/media?parent=4282"}],"curies":[{"name":"wp","href":"https:\/\/api.w.org\/{rel}","templated":true}]}}