{"id":530,"date":"2016-01-11T13:41:59","date_gmt":"2016-01-11T12:41:59","guid":{"rendered":"https:\/\/www.bison.cz\/en\/?page_id=530"},"modified":"2019-11-18T13:05:52","modified_gmt":"2019-11-18T12:05:52","slug":"gallery-of-graphics","status":"publish","type":"page","link":"https:\/\/www.bison.cz\/en\/sports\/handball\/gallery-of-graphics\/","title":{"rendered":"Gallery of Graphics"},"content":{"rendered":"\r\n<div id=\"sport-squares\">\r\n                <div>\r\n\t\t\t\t\t<img src=\"\/en\/wp-content\/themes\/naturespace\/img\/squares\/fotogalerie-dresu.jpg\" \/>\r\n\t\t\t\t\t<a href=\"\/en\/sports\/wp-json\/photogallery-of-clothes\/\">Photogallery of jerseys<\/a>\r\n                <\/div>\r\n\r\n                <div>\r\n                    <img src=\"\/en\/wp-content\/themes\/naturespace\/img\/squares\/fotogalerie-tymu.jpg\" \/>\r\n\t\t\t\t\t<a href=\"\/en\/sports\/wp-json\/photogallery-of-teams\/\">Photogallery of teams<\/a>\r\n                <\/div>               \r\n\r\n\t\t\t\t<div>\r\n                    <img src=\"\/en\/wp-content\/themes\/naturespace\/img\/squares\/galerie-grafiky.jpg\" \/>\r\n\t\t\t\t\t<a href=\"\/en\/sports\/wp-json\/gallery-of-graphics\/\">Gallery of graphics<\/a>\r\n                <\/div>\r\n\t\r\n                <div style=\"margin-right: 0px; float: right;\">\r\n                    <img src=\"\/en\/wp-content\/themes\/naturespace\/img\/squares\/designova-inspirace.jpg\" \/>\r\n\t\t\t\t\t<a href=\"\/en\/sports\/wp-json\/designs-inspiration\/\">Designs inspiration<\/a>\r\n                <\/div>\r\n<\/div>\r\n<div style=\"clear: both;\"><\/div>\r\n\r\n\n\n\n\n<p><strong>Re\u00e1ln\u00e9 n\u00e1hledy grafiky h\u00e1zenk\u00e1\u0159sk\u00fdch dres\u016f Bison Sportswear.<\/strong><\/p>\n\n\n\n<hr class=\"wp-block-separator\"\/>\n\n\n<!-- Final Tiles Grid Gallery for WordPress v3.5.5 free --><style>#ftg-99 .tile .icon { color:#ffffff; }#ftg-99 .ftg-items .loading-bar i { background:#666; }#ftg-99 .ftg-items .loading-bar { background:#fff; }#ftg-99 .tile .icon { font-size:12px; }#ftg-99 .tile .icon { margin: -6px 0 0 -6px; }#ftg-99 .tile .caption-block .text-wrapper span.text { font-size:12px; }#ftg-99 .tile .caption-outside .text-wrapper span.text { font-size:12px; }#ftg-99 .tile .caption-block .text-wrapper span.title { font-size:14px; }#ftg-99 .tile .caption-outside .text-wrapper span.title { font-size:14px; }#ftg-99 .tile { background-color: transparent; }#ftg-99 .tile .caption-block .text-wrapper span.text { color: #ffffff; }#ftg-99 .tile .caption-block .text-wrapper span.title { color: #ffffff; }#ftg-99 .tile .caption-outside .text-wrapper span.text { color: #ffffff; }#ftg-99 .tile .caption-outside .text-wrapper span.title { color: #ffffff; }#ftg-99 .tile .ftg-social a { color: #ffffff; }#ftg-99 .tile .caption-block { transition-duration:0.25s; }#ftg-99 .tile .tile-inner:before { background-color: #000000; }#ftg-99 .tile .tile-inner:before { background-color: rgba(0, 0, 0, 0.8); }#ftg-99 .tile:hover img {-moz-transform: ;-webkit-transform: ;-o-transform: ;-ms-transform: ;transform: ;}<\/style><a name='9'><\/a><div class='final-tiles-gallery  ftg-hover-enabled caption-inside  caption-none caption-middle caption-center' id='ftg-99' style='width:100%'><div class='ftg-items'><div class='loading-bar'><i><\/i><\/div><div  class='tile ftg-preload  '><a title=\"01_ZS\" data-lightbox='ftg-99' rel='ftg-99'  class=' tile-inner  ftg-lightbox' href='https:\/\/www.bison.cz\/en\/wp-content\/uploads\/2021\/02\/01_ZS-599x1024.jpg' ><img alt='01_ZS' class='item skip-lazy' data-class='item' data-ftg-source='https:\/\/www.bison.cz\/en\/wp-content\/uploads\/2021\/02\/01_ZS-599x1024.jpg' src='https:\/\/www.bison.cz\/en\/wp-content\/uploads\/2021\/02\/01_ZS-599x1024.jpg' width='599' height='1024' \/><div class='caption-block'><div class='text-wrapper'><span class='title'>01_ZS<\/span><\/div><\/div><\/a><div class='ftg-social'><\/div><\/div><div  class='tile ftg-preload  '><a title=\"01\" data-lightbox='ftg-99' rel='ftg-99'  class=' tile-inner  ftg-lightbox' href='https:\/\/www.bison.cz\/en\/wp-content\/uploads\/2021\/02\/01-568x1024.jpg' ><img alt='01' class='item skip-lazy' data-class='item' data-ftg-source='https:\/\/www.bison.cz\/en\/wp-content\/uploads\/2021\/02\/01-568x1024.jpg' src='https:\/\/www.bison.cz\/en\/wp-content\/uploads\/2021\/02\/01-568x1024.jpg' width='568' height='1024' \/><div class='caption-block'><div class='text-wrapper'><span class='title'>01<\/span><\/div><\/div><\/a><div class='ftg-social'><\/div><\/div><div  class='tile ftg-preload  '><a title=\"02 ZS\" data-lightbox='ftg-99' rel='ftg-99'  class=' tile-inner  ftg-lightbox' href='https:\/\/www.bison.cz\/en\/wp-content\/uploads\/2021\/02\/02-ZS-852x1024.jpg' ><img alt='02 ZS' class='item skip-lazy' data-class='item' data-ftg-source='https:\/\/www.bison.cz\/en\/wp-content\/uploads\/2021\/02\/02-ZS-852x1024.jpg' src='https:\/\/www.bison.cz\/en\/wp-content\/uploads\/2021\/02\/02-ZS-852x1024.jpg' width='840' height='1010' \/><div class='caption-block'><div class='text-wrapper'><span class='title'>02 ZS<\/span><\/div><\/div><\/a><div class='ftg-social'><\/div><\/div><div  class='tile ftg-preload  '><a title=\"02\" data-lightbox='ftg-99' rel='ftg-99'  class=' tile-inner  ftg-lightbox' href='https:\/\/www.bison.cz\/en\/wp-content\/uploads\/2021\/02\/02-820x1024.jpg' ><img alt='02' class='item skip-lazy' data-class='item' data-ftg-source='https:\/\/www.bison.cz\/en\/wp-content\/uploads\/2021\/02\/02-820x1024.jpg' src='https:\/\/www.bison.cz\/en\/wp-content\/uploads\/2021\/02\/02-820x1024.jpg' width='820' height='1024' \/><div class='caption-block'><div class='text-wrapper'><span class='title'>02<\/span><\/div><\/div><\/a><div class='ftg-social'><\/div><\/div><div  class='tile ftg-preload  '><a title=\"03 ZS\" data-lightbox='ftg-99' rel='ftg-99'  class=' tile-inner  ftg-lightbox' href='https:\/\/www.bison.cz\/en\/wp-content\/uploads\/2021\/02\/03-ZS-599x1024.jpg' ><img alt='03 ZS' class='item skip-lazy' data-class='item' data-ftg-source='https:\/\/www.bison.cz\/en\/wp-content\/uploads\/2021\/02\/03-ZS-599x1024.jpg' src='https:\/\/www.bison.cz\/en\/wp-content\/uploads\/2021\/02\/03-ZS-599x1024.jpg' width='599' height='1024' \/><div class='caption-block'><div class='text-wrapper'><span class='title'>03 ZS<\/span><\/div><\/div><\/a><div class='ftg-social'><\/div><\/div><div  class='tile ftg-preload  '><a title=\"03\" data-lightbox='ftg-99' rel='ftg-99'  class=' tile-inner  ftg-lightbox' href='https:\/\/www.bison.cz\/en\/wp-content\/uploads\/2021\/02\/03-568x1024.jpg' ><img alt='03' class='item skip-lazy' data-class='item' data-ftg-source='https:\/\/www.bison.cz\/en\/wp-content\/uploads\/2021\/02\/03-568x1024.jpg' src='https:\/\/www.bison.cz\/en\/wp-content\/uploads\/2021\/02\/03-568x1024.jpg' width='568' height='1024' \/><div class='caption-block'><div class='text-wrapper'><span class='title'>03<\/span><\/div><\/div><\/a><div class='ftg-social'><\/div><\/div><div  class='tile ftg-preload  '><a title=\"04 ZS\" data-lightbox='ftg-99' rel='ftg-99'  class=' tile-inner  ftg-lightbox' href='https:\/\/www.bison.cz\/en\/wp-content\/uploads\/2021\/02\/04-ZS-599x1024.jpg' ><img alt='04 ZS' class='item skip-lazy' data-class='item' data-ftg-source='https:\/\/www.bison.cz\/en\/wp-content\/uploads\/2021\/02\/04-ZS-599x1024.jpg' src='https:\/\/www.bison.cz\/en\/wp-content\/uploads\/2021\/02\/04-ZS-599x1024.jpg' width='599' height='1024' \/><div class='caption-block'><div class='text-wrapper'><span class='title'>04 ZS<\/span><\/div><\/div><\/a><div class='ftg-social'><\/div><\/div><div  class='tile ftg-preload  '><a title=\"04\" data-lightbox='ftg-99' rel='ftg-99'  class=' tile-inner  ftg-lightbox' href='https:\/\/www.bison.cz\/en\/wp-content\/uploads\/2021\/02\/04-568x1024.jpg' ><img alt='04' class='item skip-lazy' data-class='item' data-ftg-source='https:\/\/www.bison.cz\/en\/wp-content\/uploads\/2021\/02\/04-568x1024.jpg' src='https:\/\/www.bison.cz\/en\/wp-content\/uploads\/2021\/02\/04-568x1024.jpg' width='568' height='1024' \/><div class='caption-block'><div class='text-wrapper'><span class='title'>04<\/span><\/div><\/div><\/a><div class='ftg-social'><\/div><\/div><div  class='tile ftg-preload  '><a title=\"05 ZS\" data-lightbox='ftg-99' rel='ftg-99'  class=' tile-inner  ftg-lightbox' href='https:\/\/www.bison.cz\/en\/wp-content\/uploads\/2021\/02\/05-ZS-599x1024.jpg' ><img alt='05 ZS' class='item skip-lazy' data-class='item' data-ftg-source='https:\/\/www.bison.cz\/en\/wp-content\/uploads\/2021\/02\/05-ZS-599x1024.jpg' src='https:\/\/www.bison.cz\/en\/wp-content\/uploads\/2021\/02\/05-ZS-599x1024.jpg' width='599' height='1024' \/><div class='caption-block'><div class='text-wrapper'><span class='title'>05 ZS<\/span><\/div><\/div><\/a><div class='ftg-social'><\/div><\/div><div  class='tile ftg-preload  '><a title=\"05\" data-lightbox='ftg-99' rel='ftg-99'  class=' tile-inner  ftg-lightbox' href='https:\/\/www.bison.cz\/en\/wp-content\/uploads\/2021\/02\/05-568x1024.jpg' ><img alt='05' class='item skip-lazy' data-class='item' data-ftg-source='https:\/\/www.bison.cz\/en\/wp-content\/uploads\/2021\/02\/05-568x1024.jpg' src='https:\/\/www.bison.cz\/en\/wp-content\/uploads\/2021\/02\/05-568x1024.jpg' width='568' height='1024' \/><div class='caption-block'><div class='text-wrapper'><span class='title'>05<\/span><\/div><\/div><\/a><div class='ftg-social'><\/div><\/div><div  class='tile ftg-preload  '><a title=\"07\" data-lightbox='ftg-99' rel='ftg-99'  class=' tile-inner  ftg-lightbox' href='https:\/\/www.bison.cz\/en\/wp-content\/uploads\/2021\/02\/07-568x1024.jpg' ><img alt='07' class='item skip-lazy' data-class='item' data-ftg-source='https:\/\/www.bison.cz\/en\/wp-content\/uploads\/2021\/02\/07-568x1024.jpg' src='https:\/\/www.bison.cz\/en\/wp-content\/uploads\/2021\/02\/07-568x1024.jpg' width='568' height='1024' \/><div class='caption-block'><div class='text-wrapper'><span class='title'>07<\/span><\/div><\/div><\/a><div class='ftg-social'><\/div><\/div><div  class='tile ftg-preload  '><a title=\"07 ZS\" data-lightbox='ftg-99' rel='ftg-99'  class=' tile-inner  ftg-lightbox' href='https:\/\/www.bison.cz\/en\/wp-content\/uploads\/2021\/02\/07-ZS-599x1024.jpg' ><img alt='07 ZS' class='item skip-lazy' data-class='item' data-ftg-source='https:\/\/www.bison.cz\/en\/wp-content\/uploads\/2021\/02\/07-ZS-599x1024.jpg' src='https:\/\/www.bison.cz\/en\/wp-content\/uploads\/2021\/02\/07-ZS-599x1024.jpg' width='599' height='1024' \/><div class='caption-block'><div class='text-wrapper'><span class='title'>07 ZS<\/span><\/div><\/div><\/a><div class='ftg-social'><\/div><\/div><div  class='tile ftg-preload  '><a title=\"08 ZS\" data-lightbox='ftg-99' rel='ftg-99'  class=' tile-inner  ftg-lightbox' href='https:\/\/www.bison.cz\/en\/wp-content\/uploads\/2021\/02\/08-ZS-599x1024.jpg' ><img alt='08 ZS' class='item skip-lazy' data-class='item' data-ftg-source='https:\/\/www.bison.cz\/en\/wp-content\/uploads\/2021\/02\/08-ZS-599x1024.jpg' src='https:\/\/www.bison.cz\/en\/wp-content\/uploads\/2021\/02\/08-ZS-599x1024.jpg' width='599' height='1024' \/><div class='caption-block'><div class='text-wrapper'><span class='title'>08 ZS<\/span><\/div><\/div><\/a><div class='ftg-social'><\/div><\/div><div  class='tile ftg-preload  '><a title=\"08\" data-lightbox='ftg-99' rel='ftg-99'  class=' tile-inner  ftg-lightbox' href='https:\/\/www.bison.cz\/en\/wp-content\/uploads\/2021\/02\/08-568x1024.jpg' ><img alt='08' class='item skip-lazy' data-class='item' data-ftg-source='https:\/\/www.bison.cz\/en\/wp-content\/uploads\/2021\/02\/08-568x1024.jpg' src='https:\/\/www.bison.cz\/en\/wp-content\/uploads\/2021\/02\/08-568x1024.jpg' width='568' height='1024' \/><div class='caption-block'><div class='text-wrapper'><span class='title'>08<\/span><\/div><\/div><\/a><div class='ftg-social'><\/div><\/div><div  class='tile ftg-preload  '><a title=\"10 ZS\" data-lightbox='ftg-99' rel='ftg-99'  class=' tile-inner  ftg-lightbox' href='https:\/\/www.bison.cz\/en\/wp-content\/uploads\/2021\/02\/10-ZS-599x1024.jpg' ><img alt='10 ZS' class='item skip-lazy' data-class='item' data-ftg-source='https:\/\/www.bison.cz\/en\/wp-content\/uploads\/2021\/02\/10-ZS-599x1024.jpg' src='https:\/\/www.bison.cz\/en\/wp-content\/uploads\/2021\/02\/10-ZS-599x1024.jpg' width='599' height='1024' \/><div class='caption-block'><div class='text-wrapper'><span class='title'>10 ZS<\/span><\/div><\/div><\/a><div class='ftg-social'><\/div><\/div><div  class='tile ftg-preload  '><a title=\"10\" data-lightbox='ftg-99' rel='ftg-99'  class=' tile-inner  ftg-lightbox' href='https:\/\/www.bison.cz\/en\/wp-content\/uploads\/2021\/02\/10-568x1024.jpg' ><img alt='10' class='item skip-lazy' data-class='item' data-ftg-source='https:\/\/www.bison.cz\/en\/wp-content\/uploads\/2021\/02\/10-568x1024.jpg' src='https:\/\/www.bison.cz\/en\/wp-content\/uploads\/2021\/02\/10-568x1024.jpg' width='568' height='1024' \/><div class='caption-block'><div class='text-wrapper'><span class='title'>10<\/span><\/div><\/div><\/a><div class='ftg-social'><\/div><\/div><div  class='tile ftg-preload  '><a title=\"legata PD\" data-lightbox='ftg-99' rel='ftg-99'  class=' tile-inner  ftg-lightbox' href='https:\/\/www.bison.cz\/en\/wp-content\/uploads\/2021\/02\/legata-PD-568x1024.jpg' ><img alt='legata PD' class='item skip-lazy' data-class='item' data-ftg-source='https:\/\/www.bison.cz\/en\/wp-content\/uploads\/2021\/02\/legata-PD-568x1024.jpg' src='https:\/\/www.bison.cz\/en\/wp-content\/uploads\/2021\/02\/legata-PD-568x1024.jpg' width='568' height='1024' \/><div class='caption-block'><div class='text-wrapper'><span class='title'>legata PD<\/span><\/div><\/div><\/a><div class='ftg-social'><\/div><\/div><div  class='tile ftg-preload  '><a title=\"legata ZD\" data-lightbox='ftg-99' rel='ftg-99'  class=' tile-inner  ftg-lightbox' href='https:\/\/www.bison.cz\/en\/wp-content\/uploads\/2021\/02\/legata-ZD-599x1024.jpg' ><img alt='legata ZD' class='item skip-lazy' data-class='item' data-ftg-source='https:\/\/www.bison.cz\/en\/wp-content\/uploads\/2021\/02\/legata-ZD-599x1024.jpg' src='https:\/\/www.bison.cz\/en\/wp-content\/uploads\/2021\/02\/legata-ZD-599x1024.jpg' width='599' height='1024' \/><div class='caption-block'><div class='text-wrapper'><span class='title'>legata ZD<\/span><\/div><\/div><\/a><div class='ftg-social'><\/div><\/div><\/div><\/div><script type='text\/javascript'>jQuery('#ftg-99 img.item').removeAttr('src');jQuery(document).ready(function () {setTimeout(function () {jQuery('#ftg-99').finalTilesGallery({minTileWidth: 250,margin: 10,loadMethod: 'sequential',nonce: '4ac6b53379',galleryId: '9',setupFilters: true,layout: 'final',debug: false,gridSize: 25,disableGridSizeBelow:800,allowEnlargement: true,imageSizeFactor: [ [4000, 0.3],[1024, 0.3],[768, 0.2],[640, 0.3],[320, 0.2]],selectedFilter: 'n-a'});jQuery(function () {(function () {var rel = '';jQuery('#ftg-99 .ftg-lightbox').click(function (e) {rel = jQuery(this).attr('rel');jQuery('#ftg-99 .ftg-current').removeClass('ftg-current');jQuery('#ftg-99 [rel=\"'+rel+'\"]').addClass('ftg-current');});})();});}, 0);});<\/script>\n\n\n\n<hr class=\"wp-block-separator\"\/>\n\n\n\n<p class=\"krok-zpet\"><a href=\"https:\/\/www.bison.cz\/en\/sports\/handball\/\">Back<\/a><\/p>\n","protected":false},"excerpt":{"rendered":"<p>Re\u00e1ln\u00e9 n\u00e1hledy grafiky h\u00e1zenk\u00e1\u0159sk\u00fdch dres\u016f Bison Sportswear. Back<\/p>\n","protected":false},"author":1,"featured_media":0,"parent":136,"menu_order":3,"comment_status":"closed","ping_status":"closed","template":"","meta":[],"_links":{"self":[{"href":"https:\/\/www.bison.cz\/en\/wp-json\/wp\/v2\/pages\/530"}],"collection":[{"href":"https:\/\/www.bison.cz\/en\/wp-json\/wp\/v2\/pages"}],"about":[{"href":"https:\/\/www.bison.cz\/en\/wp-json\/wp\/v2\/types\/page"}],"author":[{"embeddable":true,"href":"https:\/\/www.bison.cz\/en\/wp-json\/wp\/v2\/users\/1"}],"replies":[{"embeddable":true,"href":"https:\/\/www.bison.cz\/en\/wp-json\/wp\/v2\/comments?post=530"}],"version-history":[{"count":13,"href":"https:\/\/www.bison.cz\/en\/wp-json\/wp\/v2\/pages\/530\/revisions"}],"predecessor-version":[{"id":8120,"href":"https:\/\/www.bison.cz\/en\/wp-json\/wp\/v2\/pages\/530\/revisions\/8120"}],"up":[{"embeddable":true,"href":"https:\/\/www.bison.cz\/en\/wp-json\/wp\/v2\/pages\/136"}],"wp:attachment":[{"href":"https:\/\/www.bison.cz\/en\/wp-json\/wp\/v2\/media?parent=530"}],"curies":[{"name":"wp","href":"https:\/\/api.w.org\/{rel}","templated":true}]}}