{"id":5624,"date":"2018-01-17T16:40:06","date_gmt":"2018-01-17T15:40:06","guid":{"rendered":"https:\/\/www.bison.cz\/en\/?page_id=5624"},"modified":"2018-08-07T13:44:49","modified_gmt":"2018-08-07T12:44:49","slug":"product-overview","status":"publish","type":"page","link":"https:\/\/www.bison.cz\/en\/sports\/motocross\/product-overview\/","title":{"rendered":"Product Overview"},"content":{"rendered":"<h1>Varianty proveden\u00ed produkt\u016f pro motokros.<\/h1>\n<p>Pro lep\u0161\u00ed p\u0159ehlednost jsme pro v\u00e1s p\u0159ipravili jednoduch\u00fd p\u0159ehled dostupn\u00fdch proveden\u00ed produkt\u016f pro motokros.<br \/>\nV\u0161echny vyobrazen\u00e9 varianty si m\u016f\u017eete zvolit v konfigur\u00e1toru, nebo n\u00e1m n\u00e1zev vybran\u00e9 varianty napi\u0161te do e-mailu.<\/p>\n<hr \/>\n<div id=\"prehled\">\n<div class=\"triple nopikt\"><img src=\"https:\/\/www.bison.cz\/wp-content\/themes\/naturespace\/konfigurator\/sources\/motokros\/motokrosovy-dres\/MOTOKROS_MOTOKROSOVY-DRES_4KROK_01KLASIK.png\" \/><\/p>\n<h3>Klasik<\/h3>\n<\/div>\n<div class=\"triple nopikt\"><img src=\"https:\/\/www.bison.cz\/wp-content\/themes\/naturespace\/konfigurator\/sources\/motokros\/motokrosovy-dres\/MOTOKROS_MOTOKROSOVY-DRES_4KROK_02RAGLAN.png\" \/><\/p>\n<h3>Ragl\u00e1n<\/h3>\n<\/div>\n<div class=\"triple nopikt\"><img src=\"https:\/\/www.bison.cz\/wp-content\/themes\/naturespace\/konfigurator\/sources\/motokros\/motokrosovy-dres\/MOTOKROS_MOTOKROSOVY-DRES_4KROK_03RAGLAN-S-VENTILACI.png\" \/><\/p>\n<h3>Ragl\u00e1n s ventilac\u00ed<\/h3>\n<\/div>\n<div style=\"clear: both;\"><\/div>\n<\/div>\n<hr \/>\n<div id=\"prehled\">\n<div class=\"single nopikt\"><img src=\"https:\/\/www.bison.cz\/wp-content\/themes\/naturespace\/konfigurator\/sources\/motokros\/motokrosova-bunda\/MOTOKROS_MOTOKROSOVA-BUNDA_1KROK_01KLASIK.png\" \/><\/p>\n<h3>Motokrosov\u00e1 bunda<\/h3>\n<\/div>\n<div style=\"clear: both;\"><\/div>\n<\/div>\n<hr \/>\n<div id=\"prehled\">\n<div class=\"single nopikt\"><img src=\"https:\/\/www.bison.cz\/wp-content\/themes\/naturespace\/konfigurator\/sources\/motokros\/motokrosova-vesta\/MOTOKROS_MOTOKROSOVA-VESTA_1KROK_01KLASIK.png\" \/><\/p>\n<h3>Motokrosov\u00e1 vesta<\/h3>\n<\/div>\n<div style=\"clear: both;\"><\/div>\n<\/div>\n<hr \/>\n<p><a class=\"krok-zpet\" href=\"https:\/\/www.bison.cz\/en\/sports\/motocross\/\">Back<\/a><\/p>\n","protected":false},"excerpt":{"rendered":"<p>Varianty proveden\u00ed produkt\u016f pro motokros. Pro lep\u0161\u00ed p\u0159ehlednost jsme pro v\u00e1s p\u0159ipravili jednoduch\u00fd p\u0159ehled dostupn\u00fdch proveden\u00ed produkt\u016f pro motokros. V\u0161echny vyobrazen\u00e9 varianty si m\u016f\u017eete zvolit v konfigur\u00e1toru, nebo n\u00e1m n\u00e1zev vybran\u00e9 varianty napi\u0161te do e-mailu. Klasik Ragl\u00e1n Ragl\u00e1n s ventilac\u00ed&hellip; <br \/><a class=\"read-more-button\" href=\"https:\/\/www.bison.cz\/en\/sports\/motocross\/product-overview\/\">Read more<\/a><\/p>\n","protected":false},"author":1,"featured_media":0,"parent":319,"menu_order":0,"comment_status":"closed","ping_status":"closed","template":"","meta":[],"_links":{"self":[{"href":"https:\/\/www.bison.cz\/en\/wp-json\/wp\/v2\/pages\/5624"}],"collection":[{"href":"https:\/\/www.bison.cz\/en\/wp-json\/wp\/v2\/pages"}],"about":[{"href":"https:\/\/www.bison.cz\/en\/wp-json\/wp\/v2\/types\/page"}],"author":[{"embeddable":true,"href":"https:\/\/www.bison.cz\/en\/wp-json\/wp\/v2\/users\/1"}],"replies":[{"embeddable":true,"href":"https:\/\/www.bison.cz\/en\/wp-json\/wp\/v2\/comments?post=5624"}],"version-history":[{"count":5,"href":"https:\/\/www.bison.cz\/en\/wp-json\/wp\/v2\/pages\/5624\/revisions"}],"predecessor-version":[{"id":7140,"href":"https:\/\/www.bison.cz\/en\/wp-json\/wp\/v2\/pages\/5624\/revisions\/7140"}],"up":[{"embeddable":true,"href":"https:\/\/www.bison.cz\/en\/wp-json\/wp\/v2\/pages\/319"}],"wp:attachment":[{"href":"https:\/\/www.bison.cz\/en\/wp-json\/wp\/v2\/media?parent=5624"}],"curies":[{"name":"wp","href":"https:\/\/api.w.org\/{rel}","templated":true}]}}