{"id":5698,"date":"2018-01-18T16:09:52","date_gmt":"2018-01-18T15:09:52","guid":{"rendered":"https:\/\/www.bison.cz\/en\/?page_id=5698"},"modified":"2018-03-31T12:41:11","modified_gmt":"2018-03-31T11:41:11","slug":"select-design","status":"publish","type":"page","link":"https:\/\/www.bison.cz\/en\/sports\/table-tennis\/select-design\/","title":{"rendered":"Select Design"},"content":{"rendered":"<div data-post-id='5641' class='insert-page insert-page-5641 '>\n<h2>Table tennis<\/h2>\n\n\n<p>The table tennis might seem like a casual sport since the players do not run around the whole field, but only \u201chop\u201d around the table. But the opposite is true. Although table tennis is played on a smaller area, which is quite common is the case of other sports, however, the game is more intense. Great demands of insight, technical refinement and physical and mental condition are placed on players. That is why we produce table tennis jerseys for you only from the finest membrane materials that will not limit your playing, on the contrary, will contribute to your good feeling of the play. The different color and graphic design of jersey showing the opponent who is a master at the table is also a matter of course.<\/p>\n<h3>Vlastn\u00ed n\u00e1vrh<\/h3>\n<p>Pokud si nevyberete \u017e\u00e1dn\u00fd model <strong>dresu, poloko\u0161ile, tren\u00fdrek \u010di suk\u00fdnek<\/strong> z na\u0161\u00ed nab\u00eddky pro<strong> stoln\u00ed tenis<\/strong>, nebo po\u017eadujete oble\u010den\u00ed ve vlastn\u00edm, <strong>origin\u00e1ln\u00edm designu<\/strong>, m\u016f\u017eeme v na\u0161em<strong> grafick\u00e9m studiu<\/strong> spole\u010dn\u011b s v\u00e1mi vytvo\u0159it oble\u010den\u00ed zcela podle va\u0161ich p\u0159edstav. <strong>P\u0159\u00edprava grafick\u00e9ho n\u00e1vrhu je zdarma<\/strong>. Samostatn\u00e1 v\u00fdroba se v\u017edy uskute\u010dn\u00ed a\u017e po odsouhlasen\u00ed vzork\u016f nebo tiskov\u00fdch n\u00e1hled\u016f. V p\u0159\u00edpad\u011b ztr\u00e1ty nebo zni\u010den\u00ed va\u0161ich sou\u010dasn\u00fdch <strong>dres\u016f<\/strong> nebo oble\u010den\u00ed v\u00e1m r\u00e1di zkompletujeme ne\u00fapln\u00e9 sady zhotoven\u00edm podobn\u00fdch produkt\u016f tak, abyste je i nad\u00e1le mohli pou\u017e\u00edvat.<br \/><!--?php } ?--><\/p>\n\n\n\n\n\r\n<div id=\"sport-squares\">\r\n                <div>\r\n\t\t\t\t\t<img src=\"\/en\/wp-content\/themes\/naturespace\/img\/squares\/fotogalerie-dresu.jpg\" \/>\r\n\t\t\t\t\t<a href=\"\/en\/sports\/wp-json\/photogallery-of-clothes\/\">Photogallery of jerseys<\/a>\r\n                <\/div>\r\n\r\n                <div>\r\n                    <img src=\"\/en\/wp-content\/themes\/naturespace\/img\/squares\/fotogalerie-tymu.jpg\" \/>\r\n\t\t\t\t\t<a href=\"\/en\/sports\/wp-json\/photogallery-of-teams\/\">Photogallery of teams<\/a>\r\n                <\/div>               \r\n\r\n\t\t\t\t<div>\r\n                    <img src=\"\/en\/wp-content\/themes\/naturespace\/img\/squares\/galerie-grafiky.jpg\" \/>\r\n\t\t\t\t\t<a href=\"\/en\/sports\/wp-json\/gallery-of-graphics\/\">Gallery of graphics<\/a>\r\n                <\/div>\r\n\t\r\n                <div style=\"margin-right: 0px; float: right;\">\r\n                    <img src=\"\/en\/wp-content\/themes\/naturespace\/img\/squares\/designova-inspirace.jpg\" \/>\r\n\t\t\t\t\t<a href=\"\/en\/sports\/wp-json\/designs-inspiration\/\">Designs inspiration<\/a>\r\n                <\/div>\r\n<\/div>\r\n<div style=\"clear: both;\"><\/div>\r\n\r\n\n<\/div>\n","protected":false},"excerpt":{"rendered":"","protected":false},"author":1,"featured_media":0,"parent":5641,"menu_order":0,"comment_status":"closed","ping_status":"closed","template":"","meta":[],"_links":{"self":[{"href":"https:\/\/www.bison.cz\/en\/wp-json\/wp\/v2\/pages\/5698"}],"collection":[{"href":"https:\/\/www.bison.cz\/en\/wp-json\/wp\/v2\/pages"}],"about":[{"href":"https:\/\/www.bison.cz\/en\/wp-json\/wp\/v2\/types\/page"}],"author":[{"embeddable":true,"href":"https:\/\/www.bison.cz\/en\/wp-json\/wp\/v2\/users\/1"}],"replies":[{"embeddable":true,"href":"https:\/\/www.bison.cz\/en\/wp-json\/wp\/v2\/comments?post=5698"}],"version-history":[{"count":3,"href":"https:\/\/www.bison.cz\/en\/wp-json\/wp\/v2\/pages\/5698\/revisions"}],"predecessor-version":[{"id":6751,"href":"https:\/\/www.bison.cz\/en\/wp-json\/wp\/v2\/pages\/5698\/revisions\/6751"}],"up":[{"embeddable":true,"href":"https:\/\/www.bison.cz\/en\/wp-json\/wp\/v2\/pages\/5641"}],"wp:attachment":[{"href":"https:\/\/www.bison.cz\/en\/wp-json\/wp\/v2\/media?parent=5698"}],"curies":[{"name":"wp","href":"https:\/\/api.w.org\/{rel}","templated":true}]}}