{"id":5723,"date":"2018-01-18T16:04:37","date_gmt":"2018-01-18T15:04:37","guid":{"rendered":"https:\/\/www.bison.cz\/en\/?page_id=5723"},"modified":"2018-03-31T09:43:16","modified_gmt":"2018-03-31T08:43:16","slug":"select-product","status":"publish","type":"page","link":"https:\/\/www.bison.cz\/en\/sports\/frisbee\/select-product\/","title":{"rendered":"Select Product"},"content":{"rendered":"<div data-post-id='5653' class='insert-page insert-page-5653 '>\n<h2>Frisbee<\/h2>\n\n\n<p>A\u0165 u\u017e h\u00e1z\u00edte tal\u00ed\u0159i doma nebo na h\u0159i\u0161ti, na\u0161e oble\u010den\u00ed V\u00e1m k tomu dod\u00e1 pot\u0159ebn\u00fd styl. <strong>Ultimate frisbee<\/strong> je kolektivn\u00ed bezkontaktn\u00ed <strong>sport<\/strong>, v n\u011bm\u017e v\u00edt\u011bz\u00ed t\u00fdm, kter\u00fd m\u00e1 na konci hrac\u00ed doby vy\u0161\u0161\u00ed po\u010det bod\u016f. Na\u0161e <strong>origin\u00e1ln\u00ed dresy<\/strong> V\u00e1m pom\u016f\u017eou vypadat elegantn\u011b a odli\u0161it V\u00e1\u0161 t\u00fdm od soupe\u0159\u016f.<br \/>P\u0159\u00edprava <strong>origin\u00e1ln\u00edho grafick\u00e9ho n\u00e1vrhu<\/strong> v\u0161ech produkt\u016f je zcela <strong>zdarma!<\/strong><\/p>\n<div id=\"bottom-panel-inner\" class=\"collapseomatic noarrow\">\n<h3>More information<\/h3>\n<p><img src=\"\/en\/wp-content\/themes\/naturespace\/img\/sipku-down-grey.png\" \/><\/p>\n<\/div>\n<div id=\"target-bottom-panel-inner\" class=\"collapseomatic_content hidden-panel\">\n<h3>Dres frisbee<\/h3>\n<p>St\u0159ih <strong>dresu pro frisbee<\/strong>, m\u016f\u017eete m\u00edt v proveden\u00edch p\u00e1nsk\u00fd (klasick\u00fd nebo ragl\u00e1n) a d\u00e1msk\u00fd (klasick\u00fd anebo ragl\u00e1n anatomicky p\u0159izp\u016fsoben \u017eensk\u00e9mu t\u011blu). Velice obl\u00edben\u00e9 jsou tak\u00e9 atraktivn\u011b upraven\u00e9 st\u0159ihy s ventilac\u00ed (DOBLO). Samoz\u0159ejm\u011b si m\u016f\u017eete vybrat typ l\u00edmce, p\u00edsma a \u010d\u00edsel. Z\u00e1kladn\u00ed velikosti dres\u016f zjist\u00edte ve <a href=\"https:\/\/www.bison.cz\/en\/sporty\/frisbee\/velikostni-tabulky\/\">velikostn\u00ed tabulce<\/a>.<br \/>V\u00fdb\u011br spr\u00e1vn\u00e9ho materi\u00e1l\u016f je nejd\u016fle\u017eit\u011bj\u0161\u00edm krokem p\u0159ed zah\u00e1jen\u00edm <strong>v\u00fdroby<\/strong>. P\u0159ehled na\u0161ich materi\u00e1l\u016f najdete na str\u00e1nce <a href=\"https:\/\/www.bison.cz\/en\/sporty\/frisbee\/materialy\/\">materi\u00e1ly<\/a>. V\u0161echny na\u0161e materi\u00e1ly, pou\u017e\u00edvan\u00e9 k <strong>v\u00fdrob\u011b dres\u016f pro frisbee<\/strong> jsou <strong>kvalitn\u00ed <\/strong>a<strong> funk\u010dn\u00ed<\/strong>. Pokud si nejste jisti, nev\u00e1hejte n\u00e1s <a href=\"https:\/\/www.bison.cz\/en\/kontaktujte-nas\/\">kontaktovat<\/a>, r\u00e1di v\u00e1m porad\u00edme s v\u00fdb\u011brem toho nejvhodn\u011bj\u0161\u00edho pr\u00e1v\u011b pro v\u00e1s. Informace o cen\u00e1ch najdete v <a href=\"https:\/\/www.bison.cz\/en\/sporty\/frisbee\/cenik\/\">price list<\/a>.<\/p>\n<h3>Poloko\u0161ile frisbee<\/h3>\n<p><strong>Poloko\u0161ile<\/strong> je d\u00edky <strong>kvalitn\u00edmu, funk\u010dn\u00edmu materi\u00e1lu<\/strong> v\u00edce ne\u017e vhodn\u00e1 pr\u00e1v\u011b pro<strong> frisbee<\/strong>. P\u0159edstavuje elegantn\u00ed variantu <strong>pohodln\u00e9ho a efektn\u00edho sportovn\u00edho oble\u010den\u00ed<\/strong>. Proveden\u00ed <strong>poloko\u0161ile<\/strong> je ve st\u0159ihu POLO s modern\u00edm l\u00edme\u010dkem, se zpevn\u011bn\u00fdm rozep\u00edn\u00e1n\u00edm naa \u010dty\u0159i knofl\u00ed\u010dky. Samoz\u0159ejmost\u00ed je tak\u00e9 mo\u017enost volit ze st\u0159ihov\u00e9ho proveden\u00ed p\u00e1nsk\u00e9 a d\u00e1msk\u00e9. V obou s\u0159ihov\u00fdch proveden\u00edch nab\u00edz\u00edme dv\u011b varianty poloko\u0161\u00edle &#8211; PRO a KLASIK.<br \/>Poloko\u0161ile m\u00e1 dvojit\u00e9 pro\u0161it\u00ed \u0161v\u016f a vnit\u0159n\u00ed \u0161ev je kryt\u00fd lemovkou. <strong>Exluzivn\u00ed vzhled<\/strong> podtrhuje ti\u0161t\u011bn\u00e1 vnit\u0159n\u00ed etiketa a ergonomicky prodlou\u017een\u00fd zadn\u00ed d\u00edl.<br \/>N\u00e1mi doporu\u010dovan\u00fdm materi\u00e1lem poloko\u0161ile pro frisbee je CoMo. P\u0159ehled v\u0161ech pou\u017e\u00edvan\u00fdch materi\u00e1l\u016f najdete na str\u00e1nce <a href=\"https:\/\/www.bison.cz\/en\/sporty\/frisbee\/materialy\/\">materi\u00e1ly<\/a>. Nev\u00edte si rady? Nev\u00e1hejte n\u00e1s <a href=\"https:\/\/www.bison.cz\/en\/kontaktujte-nas\/\">kontaktovat<\/a>, r\u00e1di v\u00e1m porad\u00edme. Po\u017eadovan\u00e9 velikosti poloko\u0161il najdete pomoc\u00ed <a href=\"https:\/\/www.bison.cz\/en\/sporty\/frisbee\/velikostni-tabulky\/\">size tables<\/a>.<br \/>Pot\u0159ebujete informace k cen\u011b <strong>poloko\u0161il pro frisbee<\/strong>? Najdete je v <a href=\"https:\/\/www.bison.cz\/en\/sporty\/frisbee\/cenik\/\">price list<\/a>.<\/p>\n<h3>Tren\u00fdrky frisbee<\/h3>\n<p><strong>Tren\u00fdrky<\/strong>, neboli kra\u0165asy, si m\u016f\u017eete vybrat a objednat i samostatn\u011b bez <strong>dres\u016f<\/strong>. Pokud ov\u0161em pot\u0159ebujete cel\u00fd <strong>sportovn\u00ed komplet<\/strong>, doporu\u010dujeme nejd\u0159\u00edve vybrat <strong>dres <\/strong>nebo<strong> poloko\u0161ili<\/strong>, ke kter\u00fdm v\u00e1m nez\u00e1vazn\u011b p\u0159iprav\u00edme korekturu <strong>tren\u00fdrek ve shodn\u00e9m designu<\/strong>. <strong>Tren\u00fdrky<\/strong> jsou vyr\u00e1b\u011bny ve dvou proveden\u00edch st\u0159ihu. P\u00e1nsk\u00fd (klasick\u00fd) a d\u00e1msk\u00fd (elastick\u00fd). Samoz\u0159ejmost\u00ed je mo\u017enost v\u00fdroby tren\u00fdrek s kapsami.<br \/>N\u00e1mi doporu\u010dovan\u00fdm materi\u00e1lem <strong>tren\u00fdrek pro frisbee<\/strong> je CoMo. Jedn\u00e1 se o velice p\u0159\u00edjemn\u00fd a z\u00e1rove\u0148 funk\u010dn\u00ed materi\u00e1l. P\u0159ehled v\u0161ech pou\u017e\u00edvan\u00fdch materi\u00e1l\u016f najdete na str\u00e1nce <a href=\"https:\/\/www.bison.cz\/en\/sporty\/frisbee\/materialy\/\">materi\u00e1ly<\/a>. Nev\u00edte si rady? Nev\u00e1hejte n\u00e1s <a href=\"https:\/\/www.bison.cz\/en\/kontaktujte-nas\/\">kontaktovat<\/a>, r\u00e1di v\u00e1m porad\u00edme. Z\u00e1kladn\u00ed velikosti <strong>tren\u00fdrek<\/strong> si ur\u010dete pomoc\u00ed <a href=\"https:\/\/www.bison.cz\/en\/sporty\/frisbee\/velikostni-tabulky\/\">size tables<\/a>. Pot\u0159ebujete informace k cen\u011b tren\u00fdrek pro<strong> frisbee<\/strong>? Najdete je v <a href=\"https:\/\/www.bison.cz\/en\/sporty\/frisbee\/cenik\/\">price list<\/a>.<\/p>\n<h3>Suk\u00fdnky frisbee<\/h3>\n<p>Velmi \u017e\u00e1dan\u00e9 jsou tak\u00e9<strong> suk\u00fdnky pro frisbee<\/strong>. Vyr\u00e1b\u00edme je v proveden\u00ed jako jednobarevn\u00e9 nebo v pln\u00e9m <strong>sublima\u010dn\u00edm potisku<\/strong> dle <strong>designu dres\u016f<\/strong> a p\u0159\u00e1n\u00ed z\u00e1kazn\u00edka. <strong>Sukn\u011b pro frisbee<\/strong> je mo\u017eno vyr\u00e1b\u011bt i s vnit\u0159n\u00ed nohavi\u010dkou. N\u00e1mi doporu\u010dovan\u00fdm materi\u00e1lem pro <strong>v\u00fdrobu suk\u00fdnek<\/strong> je CoMo. Jedn\u00e1 se o velice p\u0159\u00edjemn\u00fd a z\u00e1rove\u0148<strong> funk\u010dn\u00ed materi\u00e1<\/strong>l. P\u0159ehled v\u0161ech pou\u017e\u00edvan\u00fdch materi\u00e1l\u016f najdete na str\u00e1nce <a href=\"https:\/\/www.bison.cz\/en\/sporty\/frisbee\/materialy\/\">materi\u00e1ly<\/a>. Nev\u00edte si rady? Nev\u00e1hejte n\u00e1s <a href=\"https:\/\/www.bison.cz\/en\/kontaktujte-nas\/\">kontaktovat<\/a>, r\u00e1di v\u00e1m porad\u00edme. Z\u00e1kladn\u00ed velikosti <strong>suk\u00fdnek pro frisbee<\/strong> si ur\u010dete pomoc\u00ed <a href=\"https:\/\/www.bison.cz\/en\/sporty\/frisbee\/velikostni-tabulky\/\">size tables<\/a>. Pot\u0159ebujete informace k cen\u011b <strong>frisbee suk\u00fdnek<\/strong>? Najdete je v <a href=\"https:\/\/www.bison.cz\/en\/sporty\/frisbee\/cenik\/\">price list<\/a>.<\/p>\n<h3>Vlastn\u00ed n\u00e1vrh<\/h3>\n<p>Pokud si nevyberete \u017e\u00e1dn\u00fd model <strong>dresu<\/strong>, poloko\u0161ile, <strong>tren\u00fdrek <\/strong>\u010di<strong> suk\u00fdnek<\/strong> z na\u0161\u00ed nab\u00eddky pro <strong>frisbee<\/strong>, nebo po\u017eadujete oble\u010den\u00ed ve <strong>vlastn\u00edm, origin\u00e1ln\u00edm designu<\/strong>, m\u016f\u017eeme v na\u0161em <strong>grafick\u00e9m studi<\/strong>u spole\u010dn\u011b s v\u00e1mi vytvo\u0159it <strong>sportovn\u00ed oble\u010den\u00ed<\/strong> zcela podle va\u0161ich p\u0159edstav. <strong>P\u0159\u00edprava grafick\u00e9ho n\u00e1vrhu je zdarma<\/strong>. Samostatn\u00e1 v\u00fdroba se v\u017edy uskute\u010dn\u00ed a\u017e po odsouhlasen\u00ed vzork\u016f nebo tiskov\u00fdch n\u00e1hled\u016f. V p\u0159\u00edpad\u011b ztr\u00e1ty nebo zni\u010den\u00ed va\u0161ich sou\u010dasn\u00fdch <strong>dres\u016f<\/strong> nebo oble\u010den\u00ed v\u00e1m m\u016f\u017eeme zkompletovat ne\u00fapln\u00e9 sady zhotoven\u00edm podobn\u00fdch produkt\u016f tak, abyste je i nad\u00e1le mohli pou\u017e\u00edvat.<\/p>\n<\/div>\n\n\n\n\n\r\n<div id=\"sport-squares\">\r\n                <div>\r\n\t\t\t\t\t<img src=\"\/en\/wp-content\/themes\/naturespace\/img\/squares\/fotogalerie-dresu.jpg\" \/>\r\n\t\t\t\t\t<a href=\"\/en\/sports\/wp-json\/photogallery-of-clothes\/\">Photogallery of jerseys<\/a>\r\n                <\/div>\r\n\r\n                <div>\r\n                    <img src=\"\/en\/wp-content\/themes\/naturespace\/img\/squares\/fotogalerie-tymu.jpg\" \/>\r\n\t\t\t\t\t<a href=\"\/en\/sports\/wp-json\/photogallery-of-teams\/\">Photogallery of teams<\/a>\r\n                <\/div>               \r\n\r\n\t\t\t\t<div>\r\n                    <img src=\"\/en\/wp-content\/themes\/naturespace\/img\/squares\/galerie-grafiky.jpg\" \/>\r\n\t\t\t\t\t<a href=\"\/en\/sports\/wp-json\/gallery-of-graphics\/\">Gallery of graphics<\/a>\r\n                <\/div>\r\n\t\r\n                <div style=\"margin-right: 0px; float: right;\">\r\n                    <img src=\"\/en\/wp-content\/themes\/naturespace\/img\/squares\/designova-inspirace.jpg\" \/>\r\n\t\t\t\t\t<a href=\"\/en\/sports\/wp-json\/designs-inspiration\/\">Designs inspiration<\/a>\r\n                <\/div>\r\n<\/div>\r\n<div style=\"clear: both;\"><\/div>\r\n\r\n\n<\/div>\n","protected":false},"excerpt":{"rendered":"","protected":false},"author":1,"featured_media":0,"parent":5653,"menu_order":0,"comment_status":"closed","ping_status":"closed","template":"","meta":[],"_links":{"self":[{"href":"https:\/\/www.bison.cz\/en\/wp-json\/wp\/v2\/pages\/5723"}],"collection":[{"href":"https:\/\/www.bison.cz\/en\/wp-json\/wp\/v2\/pages"}],"about":[{"href":"https:\/\/www.bison.cz\/en\/wp-json\/wp\/v2\/types\/page"}],"author":[{"embeddable":true,"href":"https:\/\/www.bison.cz\/en\/wp-json\/wp\/v2\/users\/1"}],"replies":[{"embeddable":true,"href":"https:\/\/www.bison.cz\/en\/wp-json\/wp\/v2\/comments?post=5723"}],"version-history":[{"count":3,"href":"https:\/\/www.bison.cz\/en\/wp-json\/wp\/v2\/pages\/5723\/revisions"}],"predecessor-version":[{"id":6575,"href":"https:\/\/www.bison.cz\/en\/wp-json\/wp\/v2\/pages\/5723\/revisions\/6575"}],"up":[{"embeddable":true,"href":"https:\/\/www.bison.cz\/en\/wp-json\/wp\/v2\/pages\/5653"}],"wp:attachment":[{"href":"https:\/\/www.bison.cz\/en\/wp-json\/wp\/v2\/media?parent=5723"}],"curies":[{"name":"wp","href":"https:\/\/api.w.org\/{rel}","templated":true}]}}